{"id":430,"date":"2021-06-12T11:18:23","date_gmt":"2021-06-12T09:18:23","guid":{"rendered":"http:\/\/reitclub-pfrimmtal.de\/?page_id=430"},"modified":"2023-02-25T16:29:36","modified_gmt":"2023-02-25T15:29:36","slug":"mitglieder","status":"publish","type":"page","link":"https:\/\/reitclub-pfrimmtal.de\/?page_id=430","title":{"rendered":"Verein"},"content":{"rendered":"\t\t<div data-elementor-type=\"wp-page\" data-elementor-id=\"430\" class=\"elementor elementor-430\">\n\t\t\t\t\t\t<section class=\"has_eae_slider elementor-section elementor-top-section elementor-element elementor-element-d648067 elementor-section-height-min-height elementor-section-boxed elementor-section-height-default elementor-section-items-middle\" data-id=\"d648067\" data-element_type=\"section\" data-settings=\"{&quot;background_background&quot;:&quot;classic&quot;}\">\n\t\t\t\t\t\t\t<div class=\"elementor-background-overlay\"><\/div>\n\t\t\t\t\t\t\t<div class=\"elementor-container elementor-column-gap-no\">\n\t\t\t\t\t<div class=\"has_eae_slider elementor-column elementor-col-100 elementor-top-column elementor-element elementor-element-0b7498d\" data-id=\"0b7498d\" data-element_type=\"column\">\n\t\t\t<div class=\"elementor-widget-wrap elementor-element-populated\">\n\t\t\t\t\t\t<div class=\"elementor-element elementor-element-ee1ce2f elementor-widget elementor-widget-heading\" data-id=\"ee1ce2f\" data-element_type=\"widget\" data-widget_type=\"heading.default\">\n\t\t\t\t<div class=\"elementor-widget-container\">\n\t\t\t<h2 class=\"elementor-heading-title elementor-size-xl\">Verein<\/h2>\t\t<\/div>\n\t\t\t\t<\/div>\n\t\t\t\t\t<\/div>\n\t\t<\/div>\n\t\t\t\t\t<\/div>\n\t\t<\/section>\n\t\t\t\t<section class=\"has_eae_slider elementor-section elementor-top-section elementor-element elementor-element-6fba5a4 elementor-section-boxed elementor-section-height-default elementor-section-height-default\" data-id=\"6fba5a4\" data-element_type=\"section\">\n\t\t\t\t\t\t<div class=\"elementor-container elementor-column-gap-default\">\n\t\t\t\t\t<div class=\"has_eae_slider elementor-column elementor-col-100 elementor-top-column elementor-element elementor-element-9860a18\" data-id=\"9860a18\" data-element_type=\"column\">\n\t\t\t<div class=\"elementor-widget-wrap elementor-element-populated\">\n\t\t\t\t\t\t<section class=\"has_eae_slider elementor-section elementor-inner-section elementor-element elementor-element-46a69ed elementor-section-boxed elementor-section-height-default elementor-section-height-default\" data-id=\"46a69ed\" data-element_type=\"section\">\n\t\t\t\t\t\t<div class=\"elementor-container elementor-column-gap-default\">\n\t\t\t\t\t<div class=\"has_eae_slider elementor-column elementor-col-100 elementor-inner-column elementor-element elementor-element-6da22fb\" data-id=\"6da22fb\" data-element_type=\"column\">\n\t\t\t<div class=\"elementor-widget-wrap elementor-element-populated\">\n\t\t\t\t\t\t<div class=\"elementor-element elementor-element-f9447fb elementor-widget elementor-widget-heading\" data-id=\"f9447fb\" data-element_type=\"widget\" data-widget_type=\"heading.default\">\n\t\t\t\t<div class=\"elementor-widget-container\">\n\t\t\t<h4 class=\"elementor-heading-title elementor-size-default\">Informationen zum Beitritt <\/h4>\t\t<\/div>\n\t\t\t\t<\/div>\n\t\t\t\t<div class=\"elementor-element elementor-element-d059330 elementor-widget elementor-widget-text-editor\" data-id=\"d059330\" data-element_type=\"widget\" data-widget_type=\"text-editor.default\">\n\t\t\t\t<div class=\"elementor-widget-container\">\n\t\t\t\t\t\t\t<p>Hier finden Sie alle Informationen, die Sie brauchen, falls Sie unserem Verein beitreten wollen.<\/p><p><span style=\"text-decoration: underline; color: #0000ff;\"><a style=\"color: #0000ff; text-decoration: underline;\" href=\"http:\/\/reitclub-pfrimmtal.de\/wp-content\/uploads\/2023\/02\/kurzinfo_2023.pdf\">Informationen zum Verein<\/a><\/span><\/p><p><a href=\"http:\/\/reitclub-pfrimmtal.de\/wp-content\/uploads\/2021\/09\/AufnahmeFormularEinzelpersonen-1.pdf\"><span style=\"text-decoration: underline; color: #0000ff;\">Aufnahmeformular f\u00fcr Einzelpersonen<\/span><\/a><\/p><p><a href=\"http:\/\/reitclub-pfrimmtal.de\/wp-content\/uploads\/2021\/09\/AufnahmeFormularFamilien-1.pdf\"><span style=\"text-decoration: underline;\"><span style=\"color: #0000ff; text-decoration: underline;\">Aufnahmeformular f\u00fcr Familien<\/span><\/span><\/a><\/p>\t\t\t\t\t\t<\/div>\n\t\t\t\t<\/div>\n\t\t\t\t\t<\/div>\n\t\t<\/div>\n\t\t\t\t\t<\/div>\n\t\t<\/section>\n\t\t\t\t<section class=\"has_eae_slider elementor-section elementor-inner-section elementor-element elementor-element-dac2fef elementor-section-boxed elementor-section-height-default elementor-section-height-default\" data-id=\"dac2fef\" data-element_type=\"section\">\n\t\t\t\t\t\t<div class=\"elementor-container elementor-column-gap-default\">\n\t\t\t\t\t<div class=\"has_eae_slider elementor-column elementor-col-100 elementor-inner-column elementor-element elementor-element-d326752\" data-id=\"d326752\" data-element_type=\"column\">\n\t\t\t<div class=\"elementor-widget-wrap elementor-element-populated\">\n\t\t\t\t\t\t<div class=\"elementor-element elementor-element-7d1a87a elementor-widget elementor-widget-heading\" data-id=\"7d1a87a\" data-element_type=\"widget\" data-widget_type=\"heading.default\">\n\t\t\t\t<div class=\"elementor-widget-container\">\n\t\t\t<h4 class=\"elementor-heading-title elementor-size-default\">Reitplatznutzung<\/h4>\t\t<\/div>\n\t\t\t\t<\/div>\n\t\t\t\t<div class=\"elementor-element elementor-element-f8c29f0 elementor-widget elementor-widget-text-editor\" data-id=\"f8c29f0\" data-element_type=\"widget\" data-widget_type=\"text-editor.default\">\n\t\t\t\t<div class=\"elementor-widget-container\">\n\t\t\t\t\t\t\t<p>F\u00fcr die korrekte Nutzung des Reitplatzes lesen Sie sich bitte unsere Reitplatzordnung durch.<\/p><p><span style=\"text-decoration: underline;\"><span style=\"color: #0000ff; text-decoration: underline;\"><a style=\"color: #0000ff; text-decoration: underline;\" href=\"http:\/\/reitclub-pfrimmtal.de\/wp-content\/uploads\/2021\/06\/Reitplatzordnung.pdf\">Reitplatzordnung<\/a><\/span><\/span><\/p><p>F\u00fcr die Reitplatznutzungsgeb\u00fchr stehen zwei Varianten zur Auswahl:<\/p><p><a href=\"http:\/\/reitclub-pfrimmtal.de\/wp-content\/uploads\/2021\/06\/Reitanlagennutzung.pdf\"><span style=\"text-decoration: underline;\"><span style=\"color: #0000ff; text-decoration: underline;\">Reitanlagennutzung<\/span><\/span><\/a><\/p>\t\t\t\t\t\t<\/div>\n\t\t\t\t<\/div>\n\t\t\t\t\t<\/div>\n\t\t<\/div>\n\t\t\t\t\t<\/div>\n\t\t<\/section>\n\t\t\t\t\t<\/div>\n\t\t<\/div>\n\t\t\t\t\t<\/div>\n\t\t<\/section>\n\t\t\t\t<\/div>\n\t\t","protected":false},"excerpt":{"rendered":"<p>Verein Informationen zum Beitritt Hier finden Sie alle Informationen, die Sie brauchen, falls Sie unserem Verein beitreten wollen. Informationen zum Verein Aufnahmeformular f\u00fcr Einzelpersonen Aufnahmeformular f\u00fcr Familien Reitplatznutzung F\u00fcr die korrekte Nutzung des Reitplatzes lesen Sie sich bitte unsere Reitplatzordnung durch. Reitplatzordnung F\u00fcr die Reitplatznutzungsgeb\u00fchr stehen zwei Varianten zur Auswahl: Reitanlagennutzung<\/p>\n","protected":false},"author":1,"featured_media":0,"parent":0,"menu_order":0,"comment_status":"closed","ping_status":"closed","template":"","meta":{"footnotes":""},"class_list":["post-430","page","type-page","status-publish","hentry"],"_links":{"self":[{"href":"https:\/\/reitclub-pfrimmtal.de\/index.php?rest_route=\/wp\/v2\/pages\/430","targetHints":{"allow":["GET"]}}],"collection":[{"href":"https:\/\/reitclub-pfrimmtal.de\/index.php?rest_route=\/wp\/v2\/pages"}],"about":[{"href":"https:\/\/reitclub-pfrimmtal.de\/index.php?rest_route=\/wp\/v2\/types\/page"}],"author":[{"embeddable":true,"href":"https:\/\/reitclub-pfrimmtal.de\/index.php?rest_route=\/wp\/v2\/users\/1"}],"replies":[{"embeddable":true,"href":"https:\/\/reitclub-pfrimmtal.de\/index.php?rest_route=%2Fwp%2Fv2%2Fcomments&post=430"}],"version-history":[{"count":45,"href":"https:\/\/reitclub-pfrimmtal.de\/index.php?rest_route=\/wp\/v2\/pages\/430\/revisions"}],"predecessor-version":[{"id":803,"href":"https:\/\/reitclub-pfrimmtal.de\/index.php?rest_route=\/wp\/v2\/pages\/430\/revisions\/803"}],"wp:attachment":[{"href":"https:\/\/reitclub-pfrimmtal.de\/index.php?rest_route=%2Fwp%2Fv2%2Fmedia&parent=430"}],"curies":[{"name":"wp","href":"https:\/\/api.w.org\/{rel}","templated":true}]}}