{"id":30,"date":"2020-04-13T11:18:54","date_gmt":"2020-04-13T11:18:54","guid":{"rendered":"http:\/\/reitclub-pfrimmtal.de\/?page_id=30"},"modified":"2023-04-07T15:52:11","modified_gmt":"2023-04-07T13:52:11","slug":"home","status":"publish","type":"page","link":"https:\/\/reitclub-pfrimmtal.de\/","title":{"rendered":"Home"},"content":{"rendered":"\t\t<div data-elementor-type=\"wp-page\" data-elementor-id=\"30\" class=\"elementor elementor-30\">\n\t\t\t\t\t\t<section class=\"has_eae_slider elementor-section elementor-top-section elementor-element elementor-element-5939a86c elementor-section-height-min-height elementor-section-boxed elementor-section-height-default elementor-section-items-middle\" data-id=\"5939a86c\" data-element_type=\"section\" data-settings=\"{&quot;background_background&quot;:&quot;classic&quot;}\">\n\t\t\t\t\t\t\t<div class=\"elementor-background-overlay\"><\/div>\n\t\t\t\t\t\t\t<div class=\"elementor-container elementor-column-gap-no\">\n\t\t\t\t\t<div class=\"has_eae_slider elementor-column elementor-col-100 elementor-top-column elementor-element elementor-element-6f6a47a9\" data-id=\"6f6a47a9\" data-element_type=\"column\">\n\t\t\t<div class=\"elementor-widget-wrap elementor-element-populated\">\n\t\t\t\t\t\t<div class=\"elementor-element elementor-element-2ea89d1 elementor-hidden-desktop elementor-hidden-tablet elementor-widget elementor-widget-heading\" data-id=\"2ea89d1\" data-element_type=\"widget\" data-widget_type=\"heading.default\">\n\t\t\t\t<div class=\"elementor-widget-container\">\n\t\t\t<h2 class=\"elementor-heading-title elementor-size-default\">Willkommen auf der Homepage des 1. RC Pfrimmtal e.V. Worms-Pfeddersheim<\/h2>\t\t<\/div>\n\t\t\t\t<\/div>\n\t\t\t\t<div class=\"elementor-element elementor-element-ffa1734 elementor-hidden-phone elementor-widget elementor-widget-heading\" data-id=\"ffa1734\" data-element_type=\"widget\" data-widget_type=\"heading.default\">\n\t\t\t\t<div class=\"elementor-widget-container\">\n\t\t\t<h1 class=\"elementor-heading-title elementor-size-large\">Willkommen auf der Homepage des 1. RC Pfrimmtal e.V. Worms-Pfeddersheim<\/h1>\t\t<\/div>\n\t\t\t\t<\/div>\n\t\t\t\t\t<\/div>\n\t\t<\/div>\n\t\t\t\t\t<\/div>\n\t\t<\/section>\n\t\t\t\t<section class=\"has_eae_slider elementor-section elementor-top-section elementor-element elementor-element-7e21b87 elementor-section-boxed elementor-section-height-default elementor-section-height-default\" data-id=\"7e21b87\" data-element_type=\"section\">\n\t\t\t\t\t\t<div class=\"elementor-container elementor-column-gap-no\">\n\t\t\t\t\t<div data-wts-url=\"http:\/\/reitclub-pfrimmtal.de\/?page_id=403\" data-wts-link=\"yes\" data-wts-new-window=\"\" class=\"has_eae_slider elementor-column elementor-col-33 elementor-top-column elementor-element elementor-element-ecf0f71 ae-link-yes\" data-id=\"ecf0f71\" data-element_type=\"column\" data-settings=\"{&quot;background_background&quot;:&quot;classic&quot;}\">\n\t\t\t<div class=\"elementor-widget-wrap elementor-element-populated\">\n\t\t\t\t\t<div class=\"elementor-background-overlay\"><\/div>\n\t\t\t\t\t\t<div class=\"elementor-element elementor-element-40c051ee elementor-widget elementor-widget-heading\" data-id=\"40c051ee\" data-element_type=\"widget\" data-widget_type=\"heading.default\">\n\t\t\t\t<div class=\"elementor-widget-container\">\n\t\t\t<h2 class=\"elementor-heading-title elementor-size-default\"><a href=\"https:\/\/reitclub-pfrimmtal.de\/?page_id=403\">Turniere<\/a><\/h2>\t\t<\/div>\n\t\t\t\t<\/div>\n\t\t\t\t\t<\/div>\n\t\t<\/div>\n\t\t\t\t<div data-wts-url=\"http:\/\/reitclub-pfrimmtal.de\/?page_id=357\" data-wts-link=\"yes\" data-wts-new-window=\"\" class=\"has_eae_slider elementor-column elementor-col-33 elementor-top-column elementor-element elementor-element-8ee04f9 ae-link-yes\" data-id=\"8ee04f9\" data-element_type=\"column\" data-settings=\"{&quot;background_background&quot;:&quot;classic&quot;}\">\n\t\t\t<div class=\"elementor-widget-wrap elementor-element-populated\">\n\t\t\t\t\t<div class=\"elementor-background-overlay\"><\/div>\n\t\t\t\t\t\t<div class=\"elementor-element elementor-element-2cb5ae60 elementor-widget elementor-widget-heading\" data-id=\"2cb5ae60\" data-element_type=\"widget\" data-widget_type=\"heading.default\">\n\t\t\t\t<div class=\"elementor-widget-container\">\n\t\t\t<h2 class=\"elementor-heading-title elementor-size-default\"><a href=\"https:\/\/reitclub-pfrimmtal.de\/?page_id=357\">Anlage<\/a><\/h2>\t\t<\/div>\n\t\t\t\t<\/div>\n\t\t\t\t\t<\/div>\n\t\t<\/div>\n\t\t\t\t<div data-wts-url=\"http:\/\/reitclub-pfrimmtal.de\/?page_id=430\" data-wts-link=\"yes\" data-wts-new-window=\"\" class=\"has_eae_slider elementor-column elementor-col-33 elementor-top-column elementor-element elementor-element-aaf2547 ae-link-yes\" data-id=\"aaf2547\" data-element_type=\"column\" data-settings=\"{&quot;background_background&quot;:&quot;classic&quot;}\">\n\t\t\t<div class=\"elementor-widget-wrap elementor-element-populated\">\n\t\t\t\t\t<div class=\"elementor-background-overlay\"><\/div>\n\t\t\t\t\t\t<div class=\"elementor-element elementor-element-c2e7812 elementor-widget elementor-widget-heading\" data-id=\"c2e7812\" data-element_type=\"widget\" data-widget_type=\"heading.default\">\n\t\t\t\t<div class=\"elementor-widget-container\">\n\t\t\t<h2 class=\"elementor-heading-title elementor-size-default\"><a href=\"https:\/\/reitclub-pfrimmtal.de\/?page_id=430\">Verein<\/a><\/h2>\t\t<\/div>\n\t\t\t\t<\/div>\n\t\t\t\t\t<\/div>\n\t\t<\/div>\n\t\t\t\t\t<\/div>\n\t\t<\/section>\n\t\t\t\t<section class=\"has_eae_slider elementor-section elementor-top-section elementor-element elementor-element-29d7471 elementor-section-boxed elementor-section-height-default elementor-section-height-default\" data-id=\"29d7471\" data-element_type=\"section\">\n\t\t\t\t\t\t<div class=\"elementor-container elementor-column-gap-default\">\n\t\t\t\t\t<div class=\"has_eae_slider elementor-column elementor-col-100 elementor-top-column elementor-element elementor-element-4f66806\" data-id=\"4f66806\" data-element_type=\"column\">\n\t\t\t<div class=\"elementor-widget-wrap elementor-element-populated\">\n\t\t\t\t\t\t<section class=\"has_eae_slider elementor-section elementor-inner-section elementor-element elementor-element-57fd536 elementor-section-boxed elementor-section-height-default elementor-section-height-default\" data-id=\"57fd536\" data-element_type=\"section\">\n\t\t\t\t\t\t<div class=\"elementor-container elementor-column-gap-default\">\n\t\t\t\t\t<div class=\"has_eae_slider elementor-column elementor-col-100 elementor-inner-column elementor-element elementor-element-9923f67\" data-id=\"9923f67\" data-element_type=\"column\">\n\t\t\t<div class=\"elementor-widget-wrap elementor-element-populated\">\n\t\t\t\t\t\t<div class=\"elementor-element elementor-element-7b67ece elementor-widget elementor-widget-heading\" data-id=\"7b67ece\" data-element_type=\"widget\" data-widget_type=\"heading.default\">\n\t\t\t\t<div class=\"elementor-widget-container\">\n\t\t\t<h2 class=\"elementor-heading-title elementor-size-default\">Neuigkeiten<\/h2>\t\t<\/div>\n\t\t\t\t<\/div>\n\t\t\t\t<div class=\"elementor-element elementor-element-5bb6435 elementor-widget elementor-widget-text-editor\" data-id=\"5bb6435\" data-element_type=\"widget\" data-widget_type=\"text-editor.default\">\n\t\t\t\t<div class=\"elementor-widget-container\">\n\t\t\t\t\t\t\t<div class=\"simple-news-con col-0 sh-id-1\"><div id=\"post-id-826\" class=\"simple-news-item\"><div class=\"simple-news-text-con\"><h4 class=\"simple-news-title\"><a class=\"simple-news-item-link\" href=\"https:\/\/reitclub-pfrimmtal.de\/?news=kutschenturnier-am-1-mai\">Kutschenturnier am 1. Mai<\/a><\/h4><div class=\"simple-news-date\">24. April 2023<\/div><div class=\"simple-news-excerpt\">Am ersten Mai erfolgt auf unserem sch\u00f6nen Vereinsgel\u00e4nde das allj\u00e4hrliche Fahrturnier. Um acht Uhr starten die ersten Teilnehmer des Tages mit ihren Pferden in der Dressur, Abschluss des Tages ist um 16:30 Uhr das Hindernisfahren. Der Verein freut sich auf alle G\u00e4ste, die am Pferdesport interessiert sind und sorgt f\u00fcr das leibliche Wohl.<\/div><\/div><\/div><div id=\"post-id-777\" class=\"simple-news-item\"><div class=\"simple-news-img-con\"><a class=\"simple-news-item-link\" href=\"https:\/\/reitclub-pfrimmtal.de\/?news=reitverein-pfrimmtal-richtet-psj-spring-cup-aus\"><img fetchpriority=\"high\" decoding=\"async\" width=\"700\" height=\"700\" src=\"https:\/\/reitclub-pfrimmtal.de\/wp-content\/uploads\/2022\/08\/Platzierung-PSJ-Cup-700x700.jpg\" class=\"simple-news-img-default wp-post-image\" alt=\"\" srcset=\"https:\/\/reitclub-pfrimmtal.de\/wp-content\/uploads\/2022\/08\/Platzierung-PSJ-Cup-700x700.jpg 700w, https:\/\/reitclub-pfrimmtal.de\/wp-content\/uploads\/2022\/08\/Platzierung-PSJ-Cup-150x150.jpg 150w\" sizes=\"(max-width: 700px) 100vw, 700px\" \/><\/a><\/div><div class=\"simple-news-text-con\"><h4 class=\"simple-news-title\"><a class=\"simple-news-item-link\" href=\"https:\/\/reitclub-pfrimmtal.de\/?news=reitverein-pfrimmtal-richtet-psj-spring-cup-aus\">Reitverein Pfrimmtal richtet PSJ-Spring-Cup aus<\/a><\/h4><div class=\"simple-news-date\">14. August 2022<\/div><div class=\"simple-news-excerpt\">Am Wochenende fand das Reitturnier auf der Anlage des 1. RC Pfrimmtal statt. An zwei Tagen wurden Dressur- und Springpr\u00fcfungen bis L und M-Niveau geboten, au\u00dferdem wurde der PSJ-Spring-Cup ausgetragen. Letztes Jahr noch unter Corona-Auflagen, konnten Zuschauer nun endlich wieder am Wochenende bei angenehmeren, aber immer noch sehr warmen Temperaturen auf schattigen Sitzgelegenheiten und mit &hellip;<p class=\"read-more\"> <a class=\"\" href=\"https:\/\/reitclub-pfrimmtal.de\/?news=reitverein-pfrimmtal-richtet-psj-spring-cup-aus\"> <span class=\"screen-reader-text\">Reitverein Pfrimmtal richtet PSJ-Spring-Cup aus<\/span> Weiterlesen &raquo;<\/a><\/p><\/div><\/div><\/div><div id=\"post-id-750\" class=\"simple-news-item\"><div class=\"simple-news-img-con\"><a class=\"simple-news-item-link\" href=\"https:\/\/reitclub-pfrimmtal.de\/?news=fahrturnier-des-1-rc-pfrimmtal\"><img decoding=\"async\" width=\"625\" height=\"640\" src=\"https:\/\/reitclub-pfrimmtal.de\/wp-content\/uploads\/2022\/07\/IMG_0517.jpg\" class=\"simple-news-img-default wp-post-image\" alt=\"\" srcset=\"https:\/\/reitclub-pfrimmtal.de\/wp-content\/uploads\/2022\/07\/IMG_0517.jpg 625w, https:\/\/reitclub-pfrimmtal.de\/wp-content\/uploads\/2022\/07\/IMG_0517-293x300.jpg 293w\" sizes=\"(max-width: 625px) 100vw, 625px\" \/><\/a><\/div><div class=\"simple-news-text-con\"><h4 class=\"simple-news-title\"><a class=\"simple-news-item-link\" href=\"https:\/\/reitclub-pfrimmtal.de\/?news=fahrturnier-des-1-rc-pfrimmtal\">Fahrturnier des 1.RC Pfrimmtal<\/a><\/h4><div class=\"simple-news-date\">1. Mai 2022<\/div><div class=\"simple-news-excerpt\">Am ersten Mai richtete der Reitclub Pfrimmtal in Pfeddersheim sein j\u00e4hrliches Fahrturnier aus. Frisch, aber wenigstens trocken war es morgens um acht, als das erste Pony auf den Turnierplatz zur ersten Pr\u00fcfung des Tages, einer M*-Dressur einfuhr. In dieser Pr\u00fcfung wurde Wert auf die Ausf\u00fchrung der Aufgabe gelegt, das Pferd musste einen durchl\u00e4ssigen und gehorsamen &hellip;<p class=\"read-more\"> <a class=\"\" href=\"https:\/\/reitclub-pfrimmtal.de\/?news=fahrturnier-des-1-rc-pfrimmtal\"> <span class=\"screen-reader-text\">Fahrturnier des 1.RC Pfrimmtal<\/span> Weiterlesen &raquo;<\/a><\/p><\/div><\/div><\/div><\/div>\t\t\t\t\t\t<\/div>\n\t\t\t\t<\/div>\n\t\t\t\t\t<\/div>\n\t\t<\/div>\n\t\t\t\t\t<\/div>\n\t\t<\/section>\n\t\t\t\t\t<\/div>\n\t\t<\/div>\n\t\t\t\t\t<\/div>\n\t\t<\/section>\n\t\t\t\t<\/div>\n\t\t","protected":false},"excerpt":{"rendered":"<p>Willkommen auf der Homepage des 1. RC Pfrimmtal e.V. Worms-Pfeddersheim Willkommen auf der Homepage des 1. RC Pfrimmtal e.V. Worms-Pfeddersheim Turniere Anlage Verein Neuigkeiten<\/p>\n","protected":false},"author":1,"featured_media":0,"parent":0,"menu_order":0,"comment_status":"closed","ping_status":"closed","template":"elementor_header_footer","meta":{"footnotes":""},"class_list":["post-30","page","type-page","status-publish","hentry"],"_links":{"self":[{"href":"https:\/\/reitclub-pfrimmtal.de\/index.php?rest_route=\/wp\/v2\/pages\/30","targetHints":{"allow":["GET"]}}],"collection":[{"href":"https:\/\/reitclub-pfrimmtal.de\/index.php?rest_route=\/wp\/v2\/pages"}],"about":[{"href":"https:\/\/reitclub-pfrimmtal.de\/index.php?rest_route=\/wp\/v2\/types\/page"}],"author":[{"embeddable":true,"href":"https:\/\/reitclub-pfrimmtal.de\/index.php?rest_route=\/wp\/v2\/users\/1"}],"replies":[{"embeddable":true,"href":"https:\/\/reitclub-pfrimmtal.de\/index.php?rest_route=%2Fwp%2Fv2%2Fcomments&post=30"}],"version-history":[{"count":88,"href":"https:\/\/reitclub-pfrimmtal.de\/index.php?rest_route=\/wp\/v2\/pages\/30\/revisions"}],"predecessor-version":[{"id":892,"href":"https:\/\/reitclub-pfrimmtal.de\/index.php?rest_route=\/wp\/v2\/pages\/30\/revisions\/892"}],"wp:attachment":[{"href":"https:\/\/reitclub-pfrimmtal.de\/index.php?rest_route=%2Fwp%2Fv2%2Fmedia&parent=30"}],"curies":[{"name":"wp","href":"https:\/\/api.w.org\/{rel}","templated":true}]}}